{"id":1652,"date":"2025-01-28T21:02:46","date_gmt":"2025-01-28T21:02:46","guid":{"rendered":"https:\/\/trostindertrauer.blog\/?page_id=1652"},"modified":"2025-04-24T21:57:53","modified_gmt":"2025-04-24T19:57:53","slug":"ein-neues-jahr","status":"publish","type":"page","link":"https:\/\/ziegler-duregger.com\/wp\/ein-neues-jahr\/","title":{"rendered":"Ein neues Jahr"},"content":{"rendered":"\n<div class=\"wp-block-media-text is-stacked-on-mobile\"><figure class=\"wp-block-media-text__media\"><img decoding=\"async\" src=\"https:\/\/trostindertrauer.wordpress.com\/wp-content\/uploads\/2025\/01\/20181022_184512.jpg?w=1024\" alt=\"\" class=\"wp-image-1654 size-full\"\/><\/figure><div class=\"wp-block-media-text__content\">\n<p>In der Mitte der Nacht beginnt ein neues Jahr. Wenn jemand um den Jahreswechsel das Leben im Himmel beginnt, dann wird es ein ganz neues Leben auf beiden Seiten. <\/p>\n<\/div><\/div>\n\n\n\n<p><\/p>\n\n\n\n<ul class=\"wp-block-list\">\n<li><strong>Ein neues Jahr<\/strong><\/li>\n\n\n\n<li><strong>Wenn ein neues Jahr beginnt<\/strong><\/li>\n\n\n\n<li><strong>Hoffnungen und Erwartungen<\/strong><\/li>\n\n\n\n<li><strong>Lebensstunden<\/strong><\/li>\n<\/ul>\n\n\n\n<hr class=\"wp-block-separator has-alpha-channel-opacity\"\/>\n\n\n\n<h3 class=\"wp-block-heading\">Ein neues Jahr<\/h3>\n\n\n\n<p><strong>F\u00fcr uns hat ein neues Jahr begonnen, <br>eine Zahl hat sich ge\u00e4ndert, <br>wie sie es in vielen Tagen wieder tun wird. <br>Vielleicht verbunden mit ein paar guten Vors\u00e4tzen <br>und mit vielen guten W\u00fcnschen<\/strong>.<\/p>\n\n\n\n<p><strong>F\u00fcr jene, die um diese Zeit sterben, beginnt ein neues Leben. <br>Mit Tagen ohne die Grenzen von Zahlen, <br>gef\u00fcllt mit einer Vollkommenheit, die die Welt niemals erreichen kann, <br>mit der Erf\u00fcllung alles dessen, was wir hier einander w\u00fcnschen <br>an Heilung, Gl\u00fcck und Liebe.<\/strong><\/p>\n\n\n\n<p><strong>Ein neues Leben, dessen Schimmer auch auf unseres f\u00e4llt, <br>das Kraft mit uns teilen will aus einer unbegrenzten Quelle <br>und in unsere kurzen Stunden f\u00e4llt das Licht der Ewigkeit.<\/strong><\/p>\n\n\n\n<hr class=\"wp-block-separator has-alpha-channel-opacity\"\/>\n\n\n\n<h3 class=\"wp-block-heading\">Wenn ein neues Jahr beginnt<\/h3>\n\n\n\n<p><strong>Wenn ein neues Jahr, mit einer gro\u00dfen Leere beginnt, <br>weil ein Mensch, den wir lieben, gestorben ist, <br>dann hat die Hoffnung keinen Boden mehr, auf dem sie sicher steht. <br>Dann scheint es, <br>als ob wir auf einem ganz schmalen Grat unsere Schritte setzen m\u00fcssten, <br>auf der einen Seite das tiefe Tal der Angst <br>auf der anderen Seite der Abgrund der Trauer.<\/strong><\/p>\n\n\n\n<p><strong>Nichts in den H\u00e4nden, an dem wir uns festhalten k\u00f6nnten <br>und die Ziele liegen im Nebelgrau verborgen. <br>Dann m\u00f6ge uns eine freundliche Sonne den Weg ganz hell ausleuchten, <br>der Wind soll sanfte Stimmen in unsere Richtung wehen, <br>die einen ersten Hauch von Vertrauen schenken.<\/strong><\/p>\n\n\n\n<p><strong>Dann werden unsere Schritte langsam fester werden <br>und der Abhang daneben scheint nicht mehr ganz so steil. <br>Im Lichtstrahl, der durch die dunklen Wolken bricht, <br>werden jene Menschen sichtbar, <br>die ganz leise vor und hinter uns \u00fcber die gef\u00e4hrliche Stelle gegangen sind. <br>\u00dcber den schmalen Grat durch die Nacht der Seele.<\/strong><\/p>\n\n\n\n<p><strong>Wie froh w\u00e4ren wir dann, zu sp\u00fcren, <br>dass auch genau jene Menschen ganz nahe dabei sind, <br>deren Tod, diese tiefe Leere in uns hinterlassen hat. <br>Und besonders, <br>dass sie keine Sekunde das Band zwischen uns gel\u00f6st haben.<\/strong><\/p>\n\n\n\n<hr class=\"wp-block-separator has-alpha-channel-opacity\"\/>\n\n\n\n<h3 class=\"wp-block-heading\">Hoffnungen und Erwartungen <\/h3>\n\n\n\n<p><strong>Der erste Tag eines Menschen, ist voll von Hoffnungen, <br>so wie es jeder Beginn eines neuen Jahres ist. <br>Der letzte Tag eines Menschen auch. <br>Der erste Tag ist voll von Erwartungen der letzte auch. <br>Hoffnung, dass etwas beginnt, Erwartung, dass etwas endet.<\/strong><\/p>\n\n\n\n<p><strong>Hoffnung bei dem, der geboren wird, Erwartung von dem, der stirbt. <br>Und gleicherma\u00dfen von allen, <br>deren Leben mit diesem Menschen tief verbunden ist.<\/strong><\/p>\n\n\n\n<p><strong>Und dann glauben wir, dass auch Gott bei unserer Geburt, <br>in jedem neuen Jahr und bei unserem Tod <br>Hoffnungen und Erwartungen an uns hat.<\/strong><\/p>\n\n\n\n<p><strong>Vor allem jene, dass wir seine Liebe in unserem Leben gesp\u00fcrt haben <br>und dass wir sie weitergeben konnten. <br>Gott hofft, dass wir seine gl\u00fccklichen Kinder sind er erwartet <br>dass wir uns gegenseitig unterst\u00fctzen, auf allen Wegen durch das Leben.<\/strong><\/p>\n\n\n\n<p><strong>Am ersten Tag des neuen Lebens nach dem Tod,<br>enden die Hoffnungen und Erwartungen, dann ist alles erf\u00fcllt, <br>mehr, als wir es uns je ertr\u00e4umt haben.<\/strong><\/p>\n\n\n\n<hr class=\"wp-block-separator has-alpha-channel-opacity\"\/>\n\n\n\n<h3 class=\"wp-block-heading\">Lebensstunden<\/h3>\n\n\n\n<p><strong>So viele Lebensstunden gebe ich nun meinem Sch\u00f6pfer zur\u00fcck, <br>gesammelt in einer Schale aus Dankbarkeit. <br>Jede von ihnen ist ein Tropfen im Meer der Unz\u00e4hlbaren <br>und einzigartig, wie das Geschenk meines ganzen Lebens.<\/strong><\/p>\n\n\n\n<p><strong>Ich tausche nun meine Gebrechlichkeit des Alters gegen die Freiheit, <br>meine Hoffnung auf Ewigkeit, mit der Gewissheit<br>und meine Arbeiten des Lebens, mit einer neuen Aufgabe:<\/strong><\/p>\n\n\n\n<p><strong>Euch in Liebe zu begleiten, wohin immer ihr auch geht.<\/strong><\/p>\n","protected":false},"excerpt":{"rendered":"<p>In der Mitte der Nacht beginnt ein neues Jahr. Wenn jemand um den Jahreswechsel das Leben im Himmel beginnt, dann wird es ein ganz neues Leben auf beiden Seiten. Ein neues Jahr F\u00fcr uns hat ein neues Jahr begonnen, eine Zahl hat sich ge\u00e4ndert, wie sie es in vielen Tagen wieder tun wird. Vielleicht verbunden &hellip; <\/p>\n<p class=\"link-more\"><a href=\"https:\/\/ziegler-duregger.com\/wp\/ein-neues-jahr\/\" class=\"more-link\">Read more<span class=\"screen-reader-text\"> &#8222;Ein neues Jahr&#8220;<\/span><\/a><\/p>\n","protected":false},"author":2,"featured_media":0,"parent":0,"menu_order":0,"comment_status":"closed","ping_status":"closed","template":"","meta":{"footnotes":""},"class_list":["post-1652","page","type-page","status-publish","hentry"],"_links":{"self":[{"href":"https:\/\/ziegler-duregger.com\/wp\/wp-json\/wp\/v2\/pages\/1652","targetHints":{"allow":["GET"]}}],"collection":[{"href":"https:\/\/ziegler-duregger.com\/wp\/wp-json\/wp\/v2\/pages"}],"about":[{"href":"https:\/\/ziegler-duregger.com\/wp\/wp-json\/wp\/v2\/types\/page"}],"author":[{"embeddable":true,"href":"https:\/\/ziegler-duregger.com\/wp\/wp-json\/wp\/v2\/users\/2"}],"replies":[{"embeddable":true,"href":"https:\/\/ziegler-duregger.com\/wp\/wp-json\/wp\/v2\/comments?post=1652"}],"version-history":[{"count":6,"href":"https:\/\/ziegler-duregger.com\/wp\/wp-json\/wp\/v2\/pages\/1652\/revisions"}],"predecessor-version":[{"id":2465,"href":"https:\/\/ziegler-duregger.com\/wp\/wp-json\/wp\/v2\/pages\/1652\/revisions\/2465"}],"wp:attachment":[{"href":"https:\/\/ziegler-duregger.com\/wp\/wp-json\/wp\/v2\/media?parent=1652"}],"curies":[{"name":"wp","href":"https:\/\/api.w.org\/{rel}","templated":true}]}}