{"id":1334,"date":"2025-01-18T23:46:13","date_gmt":"2025-01-18T23:46:13","guid":{"rendered":"https:\/\/trostindertrauer.blog\/?page_id=1334"},"modified":"2025-04-26T02:04:39","modified_gmt":"2025-04-26T00:04:39","slug":"handarbeiten","status":"publish","type":"page","link":"https:\/\/ziegler-duregger.com\/wp\/handarbeiten\/","title":{"rendered":"Handarbeiten"},"content":{"rendered":"\n<div class=\"wp-block-media-text is-stacked-on-mobile\"><figure class=\"wp-block-media-text__media\"><img decoding=\"async\" src=\"https:\/\/trostindertrauer.wordpress.com\/wp-content\/uploads\/2025\/01\/20170327_104846.jpg?w=1024\" alt=\"\" class=\"wp-image-1335 size-full\"\/><\/figure><div class=\"wp-block-media-text__content\">\n<p>Es gibt so viel verschieden Hobbies, in denen wir lernen k\u00f6nnen, die Zeit zu vergessen. <br>Das ist eine gute Vorbereitung auf den Himmel. <br>Bild: sch\u00f6n gestaltete Schachtel f\u00fcr Gem\u00fcsesamen<\/p>\n<\/div><\/div>\n\n\n\n<hr class=\"wp-block-separator has-alpha-channel-opacity\"\/>\n\n\n\n<ul class=\"wp-block-list\">\n<li><strong>Wir schmieden unser Leben<\/strong><\/li>\n\n\n\n<li><strong>Das Muster meines Lebens<\/strong><\/li>\n\n\n\n<li><strong>Sch\u00f6ne Dinge schnitzen<\/strong><\/li>\n\n\n\n<li><strong>Teppiche kn\u00fcpfen <\/strong><\/li>\n<\/ul>\n\n\n\n<hr class=\"wp-block-separator has-alpha-channel-opacity\"\/>\n\n\n\n<h3 class=\"wp-block-heading\">Wir schmieden unser Leben<\/h3>\n\n\n\n<p><strong>Wir schmieden unser Leben aus Stunden, Tagen und Jahren. <br>Wir machen es f\u00fcr uns selbst und f\u00fcr alle, die mit uns verbunden sind.<\/strong> <\/p>\n\n\n\n<p><strong>Mit vielen verschiedenen Werkzeugen, <br>oft mit Hoffnung, manchmal mit Angst, <br>am besten aber mit Vertrauen und Liebe.<\/strong><\/p>\n\n\n\n<p><strong>Wir schmieden weiter, was unsere Eltern schon begonnen hatten <br>und davor unz\u00e4hlige Generationen. <br>All das hat uns geformt und was unsere H\u00e4nde machen, <br>werden wir am Tag unseres Todes als Geschenk mit in den Himmel nehmen.<\/strong><\/p>\n\n\n\n<p><strong>Der wichtigste Teil davon bleibt aber auf der Erde f\u00fcr neue Generationen. <br>Wir lassen ihnen dazu die besten Werkzeuge hier<br>und Hoffnung, Vertrauen und Liebe.<\/strong><\/p>\n\n\n\n<hr class=\"wp-block-separator has-alpha-channel-opacity\"\/>\n\n\n\n<h3 class=\"wp-block-heading\">Das Muster meines Lebens<\/h3>\n\n\n\n<p><strong>Jeder Mensch hat sein ganz eigenes Muster f\u00fcr das Leben. <br>Wie ein roter Faden hat sich die Freude durch meine Tage und Jahre gezogen. Nicht einmal die dunklen Farben der Weltgeschichte <br>konnte meine hellen ausl\u00f6schen.<\/strong><\/p>\n\n\n\n<p><strong>Wie ein kostbares St\u00fcck lege ich mein Leben nun dankbar <br>in die H\u00e4nde des Sch\u00f6pfers zur\u00fcck und der Himmel leuchtet. <br>Der Faden, mit dem ich nun weiterarbeite ist unsichtbar f\u00fcr Euch.<\/strong><\/p>\n\n\n\n<p><strong>An dem Tag, an dem wir uns wiedersehen <br>werdet Ihr \u00fcber seine Sch\u00f6nheit staunen und auch dar\u00fcber, <br>wie nahe er neben den F\u00e4den eures ganzen Lebens&nbsp;verlaufen ist. <br>Zum Teil viel enger als bisher und doch in unendlicher Freiheit.<\/strong><\/p>\n\n\n\n<hr class=\"wp-block-separator has-alpha-channel-opacity\"\/>\n\n\n\n<h3 class=\"wp-block-heading\">Sch\u00f6ne Dinge schnitzen<\/h3>\n\n\n\n<p><strong>Vieles in der Welt ist so fein geschnitzt, <br>wie nur Gottes Liebe als Werkzeug es tun konnte. <br>Wir Menschen k\u00f6nnen nur harte Dinge machen. <br>Aber keine Blumen und singende V\u00f6gel.<\/strong><\/p>\n\n\n\n<p><strong>Aber ich bin sicher, dass er unser Bem\u00fchen sieht, <br>so wie sich ein Vater freut, wenn die Kinder <br>mit ihren H\u00e4nden Sch\u00f6nes schaffen.<\/strong><\/p>\n\n\n\n<p><strong>Auch die Welt gestalten zu d\u00fcrfen ist das gr\u00f6\u00dfte Geschenk, <br>das uns Gott f\u00fcr das Leben gegeben hat. <br>Und jene Dinge, die uns am meisten Freude bereitet haben, <br>sind bei unserem Tod das sch\u00f6nste Geschenk f\u00fcr alle, die wir lieben.<\/strong><\/p>\n\n\n\n<hr class=\"wp-block-separator has-alpha-channel-opacity\"\/>\n\n\n\n<h3 class=\"wp-block-heading\">Teppiche kn\u00fcpfen<\/h3>\n\n\n\n<p><strong>Es schenkt viel Ruhe, mit den H\u00e4nden <br>Faden an Faden zu reihen bis ein Muster entsteht. <br>So wie wir Tag an Tag reihen <br>im ganz eigenen Bild unseres Lebens.<\/strong><\/p>\n\n\n\n<p><strong>Der Rahmen daf\u00fcr wurde von vielen Generationen gebaut, <br>die Grundf\u00e4den werden dann von den Eltern gespannt. <br>Irgendwann beginnen wir dann unsere eigenen Farben zu w\u00e4hlen. <br>So bunt wie das Leben sein kann.<\/strong><\/p>\n\n\n\n<p><strong>Aber manchmal legt das Schicksal die Farbe Schwarz in unsere H\u00e4nde, <br>in Zeiten der Trauer um geliebte Menschen. <br>Zuerst gibt es nur mehr sie und nur langsam mischen sich wieder hellere T\u00f6ne ins Lebensmuster. <br>Wie die Farben der Dankbarkeit und der Freundschaft, <br>Die Farben des Sommerhimmels und der Berge. <\/strong><br><br><strong>Bis zu unserem allerletzen Tag auf dieser Erde <br>arbeiten wir am Teppich unseres Lebens. <br>Wenn wir sterben, beginnen wir ein ganz neues Werk.<br>Mit neuem Rahmen, den Gott selbst baut <br>und den Farben des Himmels.<\/strong><\/p>\n\n\n\n<hr class=\"wp-block-separator has-alpha-channel-opacity\"\/>\n","protected":false},"excerpt":{"rendered":"<p>Es gibt so viel verschieden Hobbies, in denen wir lernen k\u00f6nnen, die Zeit zu vergessen. Das ist eine gute Vorbereitung auf den Himmel. Bild: sch\u00f6n gestaltete Schachtel f\u00fcr Gem\u00fcsesamen Wir schmieden unser Leben Wir schmieden unser Leben aus Stunden, Tagen und Jahren. Wir machen es f\u00fcr uns selbst und f\u00fcr alle, die mit uns verbunden &hellip; <\/p>\n<p class=\"link-more\"><a href=\"https:\/\/ziegler-duregger.com\/wp\/handarbeiten\/\" class=\"more-link\">Read more<span class=\"screen-reader-text\"> &#8222;Handarbeiten&#8220;<\/span><\/a><\/p>\n","protected":false},"author":2,"featured_media":0,"parent":0,"menu_order":0,"comment_status":"closed","ping_status":"closed","template":"","meta":{"footnotes":""},"class_list":["post-1334","page","type-page","status-publish","hentry"],"_links":{"self":[{"href":"https:\/\/ziegler-duregger.com\/wp\/wp-json\/wp\/v2\/pages\/1334","targetHints":{"allow":["GET"]}}],"collection":[{"href":"https:\/\/ziegler-duregger.com\/wp\/wp-json\/wp\/v2\/pages"}],"about":[{"href":"https:\/\/ziegler-duregger.com\/wp\/wp-json\/wp\/v2\/types\/page"}],"author":[{"embeddable":true,"href":"https:\/\/ziegler-duregger.com\/wp\/wp-json\/wp\/v2\/users\/2"}],"replies":[{"embeddable":true,"href":"https:\/\/ziegler-duregger.com\/wp\/wp-json\/wp\/v2\/comments?post=1334"}],"version-history":[{"count":2,"href":"https:\/\/ziegler-duregger.com\/wp\/wp-json\/wp\/v2\/pages\/1334\/revisions"}],"predecessor-version":[{"id":2531,"href":"https:\/\/ziegler-duregger.com\/wp\/wp-json\/wp\/v2\/pages\/1334\/revisions\/2531"}],"wp:attachment":[{"href":"https:\/\/ziegler-duregger.com\/wp\/wp-json\/wp\/v2\/media?parent=1334"}],"curies":[{"name":"wp","href":"https:\/\/api.w.org\/{rel}","templated":true}]}}