{"id":1291,"date":"2025-01-18T20:53:18","date_gmt":"2025-01-18T20:53:18","guid":{"rendered":"https:\/\/trostindertrauer.blog\/?page_id=1291"},"modified":"2025-06-16T12:55:36","modified_gmt":"2025-06-16T10:55:36","slug":"fur-lehrpersonen","status":"publish","type":"page","link":"https:\/\/ziegler-duregger.com\/wp\/fur-lehrpersonen\/","title":{"rendered":"F\u00fcr Lehrpersonen"},"content":{"rendered":"\n<div class=\"wp-block-media-text is-stacked-on-mobile\" style=\"grid-template-columns:28% auto\"><figure class=\"wp-block-media-text__media\"><img loading=\"lazy\" decoding=\"async\" width=\"900\" height=\"1600\" src=\"https:\/\/trostindertrauer.wordpress.com\/wp-content\/uploads\/2025\/01\/img-20150906-wa0010.jpg?w=576\" alt=\"\" class=\"wp-image-1293 size-full\" srcset=\"https:\/\/ziegler-duregger.com\/wp\/wp-content\/uploads\/2025\/01\/img-20150906-wa0010.jpg 900w, https:\/\/ziegler-duregger.com\/wp\/wp-content\/uploads\/2025\/01\/img-20150906-wa0010-169x300.jpg 169w, https:\/\/ziegler-duregger.com\/wp\/wp-content\/uploads\/2025\/01\/img-20150906-wa0010-576x1024.jpg 576w, https:\/\/ziegler-duregger.com\/wp\/wp-content\/uploads\/2025\/01\/img-20150906-wa0010-768x1365.jpg 768w, https:\/\/ziegler-duregger.com\/wp\/wp-content\/uploads\/2025\/01\/img-20150906-wa0010-864x1536.jpg 864w\" sizes=\"auto, (max-width: 900px) 100vw, 900px\" \/><\/figure><div class=\"wp-block-media-text__content\">\n<p><strong>Den Fluss des Wissens an neue Generationen weitergeben, <\/strong><br><strong>ist eine gro\u00dfe Herausforderung.<\/strong><\/p>\n\n\n\n<p><strong>Aber nur so, kann etwas Neues wachsen f\u00fcr die Zukunft der Gesellschaft und der Welt.<\/strong><\/p>\n\n\n\n<p><strong>Nicht immer kommt der Dank daf\u00fcr zur richtigen Zeit. Aber es ist nie zu sp\u00e4t daf\u00fcr.<\/strong><\/p>\n\n\n\n<p><\/p>\n<\/div><\/div>\n\n\n\n<hr class=\"wp-block-separator has-alpha-channel-opacity\"\/>\n\n\n\n<h2 class=\"wp-block-heading\">Die Mathematik Gottes<\/h2>\n\n\n\n<p><strong>Vom kleinsten Atom bis zum ganzen Universum <br>besteht die Welt aus Ziffern und Zahlen, aus Formeln und Schl\u00fcssen.<\/strong><\/p>\n\n\n\n<p><strong>Wenn wir als Kind das erste Mal rechnen lernen, <\/strong><br><strong>haben wir keine Ahnung von der Gr\u00f6\u00dfe, die uns umgibt.<\/strong><\/p>\n\n\n\n<p><strong>Wir wissen nicht, wie viele Atemz\u00fcge vor uns liegen <br>und wir kennen die Zahl der Menschen nicht, <br>deren Lebensweg wir begleiten d\u00fcrfen und die wir lieben werden.<\/strong><\/p>\n\n\n\n<p><strong>Je \u00e4lter wir werden, desto leichter f\u00e4llt uns zwar das Rechnen, <br>aber am Ende unseres Lebens scheinen uns die Zahlen oft doch zu gering.<\/strong><\/p>\n\n\n\n<p><strong>Wahrscheinlich z\u00e4hlen wir und Gott mit unterschiedlichen Werten <br>und wo wir selbst vielleicht ein Minus sehen macht er daraus, <br>in unendlicher Liebe, ein gro\u00dfes Plus.&nbsp;&nbsp;<\/strong><\/p>\n\n\n\n<hr class=\"wp-block-separator has-alpha-channel-opacity\"\/>\n\n\n\n<h3 class=\"wp-block-heading\">Physik lehren<\/h3>\n\n\n\n<p><strong>Die Physik stellt sich die gr\u00f6\u00dften Fragen der sichtbaren Welt. <br>Wie kann ein Universum entstehen und welche Gesetze braucht es, <br>um Sterne zum Kreisen zu bringen.<\/strong><\/p>\n\n\n\n<p><strong>Woraus sind wir Menschen gebaut und die Berge. <br>Woher kommt das Licht und die Farben des Regenbogens. <br>Der Tod schenkt die M\u00f6glichkeit, alle Antworten zu kennen.<\/strong><\/p>\n\n\n\n<p><strong>Lehrer werden nur traurig sein, <br>dass sie ihr neues Wissen von der Physik des Himmels<br>nicht mehr an Kinder und Jugendliche weiter geben k\u00f6nnen.<br>Sicher w\u00fcrden sie flei\u00dfiger lernen, als f\u00fcr das Wissen der Erde, <br>das so fl\u00fcchtig ist.<\/strong><\/p>\n\n\n\n<p><strong>Die Physik des Lebens ist ein gro\u00dfes Geheimnis, <br>aber die gr\u00f6\u00dfte Frage ist jene nach der Physik der Ewigkeit.&nbsp;<\/strong><\/p>\n\n\n\n<hr class=\"wp-block-separator has-alpha-channel-opacity\"\/>\n\n\n\n<h3 class=\"wp-block-heading\"><strong>Bis jetzt haben wir gemeinsam gelernt<\/strong><\/h3>\n\n\n\n<p><strong>Bis jetzt haben wir gemeinsam in der Schule gelernt. <br>Von nun an wirst Du unser wichtigster Lehrer werden, <br>denn Du wei\u00dft, wohin das Leben f\u00fchrt.<\/strong><\/p>\n\n\n\n<p><strong>Du siehst einen unendlichen Horizont, <br>wo wir noch den Blick nicht vom Boden heben k\u00f6nnen, <br>weil noch so vieles unbekannt ist, unter unseren F\u00fc\u00dfen.<\/strong><\/p>\n\n\n\n<p><strong>Du wirst uns lehren unsere Schritte mit Bedacht zu setzen. <br>Weit vorauszusehen und gut zuzuh\u00f6ren, <br>was die Wolken \u00fcber die Erde erz\u00e4hlen. <br>Du wirst uns lehren, Menschen zu werden, <br>die mit einem gro\u00dfen Herzen und mit sanften H\u00e4nden <br>die Zukunft tragen.<\/strong><\/p>\n\n\n\n<hr class=\"wp-block-separator has-alpha-channel-opacity\"\/>\n\n\n\n<h3 class=\"wp-block-heading\">Wenn Berge trauern   (f\u00fcr Louis Oberwalder geschrieben) <\/h3>\n\n\n\n<p><strong>Wenn beim Tod eines Menschen <br>Wasser und Berge trauern <br>Wenn ihn Kinder und Freunde im Herz tragen, <br>\u00fcber jede Zeit hinweg.<\/strong><\/p>\n\n\n\n<p><strong>Wenn Kirchenglocken einen Namen in Dankbarkeit <br>in den Himmel l\u00e4uten, <br>dann war es ein gro\u00dfes Leben, <br>das nun an einem neuen Horizont steht.<\/strong><\/p>\n\n\n\n<p><strong>Ein unendliches Land wartet jetzt auf Deine Kraft, Luis. <br>Und weil so viel Liebe dich dorthin begleitet, <br>wird Gott Dir seine sch\u00f6nsten Berge des Himmels <br>zum Wohnen geben und dich bitten, <br>das, was Du begonnen hast, weiter zu f\u00fchren. <\/strong><\/p>\n\n\n\n<p><strong>Mit den Herzen und H\u00e4nden derer, <br>die stolz sind, deine Sch\u00fcler gewesen zu sein.<\/strong><\/p>\n\n\n\n<hr class=\"wp-block-separator has-alpha-channel-opacity\"\/>\n\n\n\n<h3 class=\"wp-block-heading\">F\u00fcr die Welt lernen<\/h3>\n\n\n\n<p><strong>Wenn wir f\u00fcr die Welt lernen<\/strong>, <strong>geht es um Zahlen und Fakten<\/strong>, <br><strong>um die Summe des Sichtbaren<\/strong>, <strong>um Vergangenheit und Zukunft<\/strong>.<\/p>\n\n\n\n<p><strong>Wenn wir f\u00fcr den Himmel lernen<\/strong>, <strong>geht es um Gef\u00fchle,<\/strong> <br><strong>es geht um Liebe und Geborgenheit<\/strong>, <strong>um Freude und Dankbarkeit.<\/strong><\/p>\n\n\n\n<p><strong>Immer, wenn wir lernen<\/strong>, <br><strong>geht es darum<\/strong>, <strong>etwas noch besser zu k\u00f6nnen<\/strong> <strong>als bisher.<\/strong> <br><br><strong>Wahrscheinlich beginnt unser Leben<\/strong> <strong>bei Gott<\/strong> <strong>mit dem Lernen<\/strong> <br><strong>der vollkommen Liebe<\/strong>. <\/p>\n\n\n\n<p><strong>Und ganz sicher<\/strong> <strong>hat Gott Geduld mit uns,<\/strong> <br><strong>denn wir haben ja<\/strong> <strong>eine Ewigkeit lang<\/strong> <strong>Zeit dazu.<\/strong><\/p>\n\n\n\n<hr class=\"wp-block-separator has-alpha-channel-opacity\"\/>\n\n\n\n<h3 class=\"wp-block-heading\">Lehrer wirken weiter<\/h3>\n\n\n\n<p><strong>Ab dem ersten Atemzug in unserem Leben beginnen wir zu lernen,<br>zuerst von den Eltern und anderen Verwandten.<br>Wir lernen f\u00fcr den Kopf und f\u00fcr die H\u00e4nde, um etwas zu k\u00f6nnen<br>und wir lernen f\u00fcr das Herz, was uns gl\u00fccklich macht.<\/strong><\/p>\n\n\n\n<p><strong>Wenn wir in die Schule kommen, erkennen wir,<br>dass das Wissen, das es zu entdecken gibt,<br>unendlich ist, wie das Universum.<br>Lehrer begleiten uns ein St\u00fcck weit auf diesem Weg,<br>sie schaffen die Basis,<br>damit wir dann allein immer weiter auf die Suche gehen k\u00f6nnen.<\/strong><\/p>\n\n\n\n<p><strong>Sie \u00f6ffnen Horizonte, legen Werkzeuge in unseren Geist<br>indem sie uns f\u00fcr etwas \u201ebegeistern\u201c.<br>Mit nur 26 Buchstaben, zusammengesetzt in unendlichen Variationen<br>k\u00f6nnen wir unsere Welt im Au\u00dfen und im Innen beschreiben.<br>K\u00f6nnen sie so festhalten \u00fcber Zeit und Raum hinaus.<\/strong><\/p>\n\n\n\n<p><strong>Mit nur 10 Ziffern zum Rechnen,<br>haben wir Menschen den Mond erreicht<br>All das w\u00e4re ohne jene Menschen nicht m\u00f6glich,<br>die uns gelehrt haben, wie wir sie nutzen k\u00f6nnen.<\/strong><\/p>\n\n\n\n<p><strong>Daher wirken Lehrer mit ihrer Arbeit<br>in unserem Leben bis zum allerletzten Tag.<br>Und wir sollten es ihnen danken,<br>bis zu ihrem letzten Tag.<\/strong><\/p>\n\n\n\n<hr class=\"wp-block-separator has-alpha-channel-opacity\"\/>\n\n\n\n<h3 class=\"wp-block-heading\">Wir Menschen lehren mit Worten<\/h3>\n\n\n\n<p><strong>Wenn wir Menschen anderen etwas beibringen wollen, <br>dann verwenden wir Worte, B\u00fccher, Bilder. <br>Wenn Gott uns etwas lehren will <br>verwendet er u.a. Sterne, Blumen, Wolken, Berge, Meere <br>und den Gesang der V\u00f6gel.<\/strong><\/p>\n\n\n\n<p><strong>Wir lernen Unendlichkeit durch die Weite des Universums <br>Wir lernen die den Wert des Kleinsten durch die Wirkung von Sandk\u00f6rnern. <\/strong><br><strong>Wir lernen das Leben weiterzugeben und immer wieder \u00fcber das Wunder von Henne und Ei zu staunen.<\/strong><\/p>\n\n\n\n<p><strong>Wir lernen von ihm gro\u00dfz\u00fcgig zu sein und in F\u00fclle zu denken, <br>wenn wir einen Samen pflanzen <br>und in den Fr\u00fcchten unfassbar viele neue Samen finden.<\/strong><\/p>\n\n\n\n<p><strong>Gott lehrt uns jeden Tag aufs Neue,<\/strong><br><strong>was es hei\u00dft Sch\u00f6pfer zu sein, <br>und er will, dass wir es gut lernen,  <br>weil es noch so viel zu tun gibt.<\/strong><\/p>\n\n\n\n<p><strong>Zu erfinden, zu verbessern, zu erneuern.<\/strong><br><strong>Sichtbares und unsichtbares, wie die Art unseres Zusammenlebens. <br>Und er lehrt uns die Geduld dazu, <br>denn die Neugierde hat er uns schon bei der Geburt <br>mit auf den Weg gegeben. <br>Und unsere Freude beim Lernen ist seine Freude.<\/strong><\/p>\n\n\n\n<hr class=\"wp-block-separator has-alpha-channel-opacity\"\/>\n\n\n\n<h3 class=\"wp-block-heading\">Wir kommen als Sch\u00fcler in diese Welt<\/h3>\n\n\n\n<p><strong>Mit dem Tag unserer Geburt beginnen wir zu lernen.<\/strong> <br><strong>Zuerst durch die Z\u00e4rtlichkeit<\/strong> <strong>jener, die um uns sind.<\/strong> <br><strong>Wenn wir ala genug sind<\/strong> <strong>lernen wir die Tatsachen des Geistes<\/strong> <br><strong>Worte, Zahlen, Masse,<\/strong> <strong>die Namen f\u00fcr die Blumen<\/strong> <br><strong>und die Noten der Musik.<\/strong><\/p>\n\n\n\n<p><strong>Wir lernen die Erfahrungen anderer Menschen<\/strong> <strong>aus der Geschichte.<\/strong> <br><strong>Langsam entdecken wir<\/strong> <strong>unsere ganz speziellen Talente.<\/strong> <br><strong>Als Jugendliche lernen wir durch die Lektionen der Freundschaft<\/strong> <br><strong>wer wir im Herzen sind.<\/strong><\/p>\n\n\n\n<p><strong>Besonders in diesen Zeiten<\/strong> <strong>brauchen wir Menschen die uns begleiten,<\/strong> <br><strong>deren Lebensbildern wir vertrauen k\u00f6nnen.<\/strong> <br><strong>Wenn wir erwachsen sind,<\/strong> <strong>lernen wir Verantwortung tragen<\/strong> <br><strong>und auf neue Art zu lieben.<\/strong> <br><strong>Wir d\u00fcrfen leben schenken und arbeiten<\/strong> <strong>f\u00fcr uns und f\u00fcr die Welt.<\/strong> <br><br><strong>Wenn wir \u00e4lter werden<\/strong> <strong>lernen wir dann das wichtigste,<\/strong> <br><strong>den Heimweg zu Gott.<\/strong> <br><strong>Und wir brauchen<\/strong> <strong>das ganze Wissen des Lebens dazu.<\/strong> <br><strong>Das von der Z\u00e4rtlichkeit und von der Freundschaft<\/strong>, <br><strong>wir danken f\u00fcr die Sch\u00f6pfung und uns tr\u00f6stet die Musik<\/strong>. <br><br><strong>In den Himmel begleiten kann uns aber nur die Liebe,<\/strong> <br><strong>die wir w\u00e4hrend des Lebens verschenkt haben.<\/strong><\/p>\n\n\n\n<hr class=\"wp-block-separator has-alpha-channel-opacity\"\/>\n\n\n\n<h3 class=\"wp-block-heading\">Wie k\u00f6nnen wir Lehrer f\u00fcr den Himmel auf Erden werden<\/h3>\n\n\n\n<p><strong>In der Geschichte gab es viele Konzepte, <br>wie und was Lehrer unterrichten sollen. <br>Es gab harte Wege und liebevolle. <br>Wissen f\u00fcr die jeweilige Zeit und das, <br>was den Menschen wichtig und richtig erschien.<\/strong><\/p>\n\n\n\n<p><strong>Aber wie k\u00f6nnten wir alle Lehrer f\u00fcr den Himmel auf Erden werden. <br>Wie Kindern zeigen, wie man gl\u00fccklich leben kann, <br>wie Jugendlichen entdecken helfen, <br>wie sie ihre ganz besonderen Talente dazu nutzen k\u00f6nnten, <br>ohne auf falsche Vorstellungen zu reagieren,<\/strong><\/p>\n\n\n\n<p><strong>Wie k\u00f6nnen Erwachsene lernen, was wirklich wichtig ist, <br>f\u00fcr sich selbst und f\u00fcr die Welt. <br>Die Bibel ist sicher ein Teil des Lehrplanes, <br>aber die Herzen der Menschen sind die wichtigsten Voraussetzung <br>f\u00fcr dieses Studienfach.<\/strong><\/p>\n\n\n\n<p><strong>Der Himmel auf Erden ist lehrbar und lernbar, <br>Schritt f\u00fcr Schritt, Lebensjahr f\u00fcr Lebensjahr, <br>und das Zeugnis daf\u00fcr stellt der Sch\u00f6pfer selbst aus, <br>je nachdem, wie sehr wir seine Vorschl\u00e4ge nutzen. <br>Aber seine Geduld mit uns Sch\u00fclern ist unendlich. <\/strong><\/p>\n\n\n\n<hr class=\"wp-block-separator has-alpha-channel-opacity\"\/>\n\n\n\n<h3 class=\"wp-block-heading\">Geschichte Lehrer<\/h3>\n\n\n\n<p><strong>Menschen, die das Wissen der Geschichte sammeln <br>hinterlassen uns wertvolle Geschenke. <br>Sie suchen nach Spuren der Vergangenheit, <br>die ihre Wirkungen oft weit in die Zukunft haben. <\/strong><\/p>\n\n\n\n<p><strong>So kann das Wasser im Fluss der Zeiten klarer werden, <br>dass man bis auf den Grund sehen kann <br>und die einzelnen Steine, die alles zusammenhalten.<\/strong><\/p>\n\n\n\n<p><strong>Der Lohn f\u00fcr diese Arbeit im Himmel wird sein, <br>dass dann alle Fragen gel\u00f6st sein werden <br>weil wir auf der Erde<br>nie an das Ende des Wissens gelangen k\u00f6nnen.<\/strong><\/p>\n\n\n\n<p><strong>Die Verg\u00e4nglichkeit der Zeit ist aufgehoben <br>und alles ist sichtbar, wie auf einem unendlichen Bild. <br>Alle Verbindungen und Hintergr\u00fcnde, <br>Wirkungen und Verantwortliche. <\/strong><br><br><strong>Damit wir Menschen uns nicht durch Unwissenheit <br>immer wieder neu, <br>Schaden zuf\u00fcgen. <\/strong><\/p>\n\n\n\n<hr class=\"wp-block-separator has-alpha-channel-opacity\"\/>\n\n\n\n<p><\/p>\n\n\n\n<p><\/p>\n","protected":false},"excerpt":{"rendered":"<p>Den Fluss des Wissens an neue Generationen weitergeben, ist eine gro\u00dfe Herausforderung. Aber nur so, kann etwas Neues wachsen f\u00fcr die Zukunft der Gesellschaft und der Welt. Nicht immer kommt der Dank daf\u00fcr zur richtigen Zeit. Aber es ist nie zu sp\u00e4t daf\u00fcr. Die Mathematik Gottes Vom kleinsten Atom bis zum ganzen Universum besteht die &hellip; <\/p>\n<p class=\"link-more\"><a href=\"https:\/\/ziegler-duregger.com\/wp\/fur-lehrpersonen\/\" class=\"more-link\">Read more<span class=\"screen-reader-text\"> &#8222;F\u00fcr Lehrpersonen&#8220;<\/span><\/a><\/p>\n","protected":false},"author":2,"featured_media":0,"parent":0,"menu_order":0,"comment_status":"closed","ping_status":"closed","template":"","meta":{"footnotes":""},"class_list":["post-1291","page","type-page","status-publish","hentry"],"_links":{"self":[{"href":"https:\/\/ziegler-duregger.com\/wp\/wp-json\/wp\/v2\/pages\/1291","targetHints":{"allow":["GET"]}}],"collection":[{"href":"https:\/\/ziegler-duregger.com\/wp\/wp-json\/wp\/v2\/pages"}],"about":[{"href":"https:\/\/ziegler-duregger.com\/wp\/wp-json\/wp\/v2\/types\/page"}],"author":[{"embeddable":true,"href":"https:\/\/ziegler-duregger.com\/wp\/wp-json\/wp\/v2\/users\/2"}],"replies":[{"embeddable":true,"href":"https:\/\/ziegler-duregger.com\/wp\/wp-json\/wp\/v2\/comments?post=1291"}],"version-history":[{"count":2,"href":"https:\/\/ziegler-duregger.com\/wp\/wp-json\/wp\/v2\/pages\/1291\/revisions"}],"predecessor-version":[{"id":2536,"href":"https:\/\/ziegler-duregger.com\/wp\/wp-json\/wp\/v2\/pages\/1291\/revisions\/2536"}],"wp:attachment":[{"href":"https:\/\/ziegler-duregger.com\/wp\/wp-json\/wp\/v2\/media?parent=1291"}],"curies":[{"name":"wp","href":"https:\/\/api.w.org\/{rel}","templated":true}]}}